{"id":391,"date":"2025-05-23T13:59:16","date_gmt":"2025-05-23T13:59:16","guid":{"rendered":"https:\/\/transcreaglobal.com\/?page_id=391"},"modified":"2025-07-03T07:54:52","modified_gmt":"2025-07-03T07:54:52","slug":"declaracion-de-accesibilidad","status":"publish","type":"page","link":"https:\/\/transcreaglobal.com\/pt\/declaracion-de-accesibilidad\/","title":{"rendered":"Declara\u00e7\u00e3o de Acessibilidade"},"content":{"rendered":"<div data-elementor-type=\"wp-page\" data-elementor-id=\"391\" class=\"elementor elementor-391\" data-elementor-post-type=\"page\">\n\t\t\t\t<div class=\"elementor-element elementor-element-25834dab e-flex e-con-boxed e-con e-parent\" data-id=\"25834dab\" data-element_type=\"container\">\n\t\t\t\t\t<div class=\"e-con-inner\">\n\t\t<div class=\"elementor-element elementor-element-76022135 e-flex e-con-boxed e-con e-child\" data-id=\"76022135\" data-element_type=\"container\" data-settings=\"{&quot;background_background&quot;:&quot;classic&quot;}\">\n\t\t\t\t\t<div class=\"e-con-inner\">\n\t\t\t\t<div class=\"elementor-element elementor-element-37259607 elementor-widget elementor-widget-heading\" data-id=\"37259607\" data-element_type=\"widget\" data-widget_type=\"heading.default\">\n\t\t\t\t<div class=\"elementor-widget-container\">\n\t\t\t\t\t<h1 class=\"elementor-heading-title elementor-size-default\">Declara\u00e7\u00e3o de Acessibilidade\n<\/h1>\t\t\t\t<\/div>\n\t\t\t\t<\/div>\n\t\t\t\t\t<\/div>\n\t\t\t\t<\/div>\n\t\t\t\t\t<\/div>\n\t\t\t\t<\/div>\n\t\t<div class=\"elementor-element elementor-element-49553107 e-flex e-con-boxed e-con e-parent\" data-id=\"49553107\" data-element_type=\"container\">\n\t\t\t\t\t<div class=\"e-con-inner\">\n\t\t\t\t<div class=\"elementor-element elementor-element-79731dac elementor-widget elementor-widget-text-editor\" data-id=\"79731dac\" data-element_type=\"widget\" data-widget_type=\"text-editor.default\">\n\t\t\t\t<div class=\"elementor-widget-container\">\n\t\t\t\t\t\t\t\t\t<h3 data-start=\"298\" data-end=\"335\"><strong data-start=\"302\" data-end=\"335\">Pol\u00edtica de Acessibilidade da Web<\/strong><\/h3><p data-start=\"337\" data-end=\"605\">Na TRANSCREA, estamos firmemente comprometidos com a acessibilidade digital e em garantir que todos, independentemente de suas habilidades, possam navegar, entender e interagir com nosso site em p\u00e9 de igualdade.<\/p><h4 data-start=\"607\" data-end=\"647\"><strong data-start=\"612\" data-end=\"647\">Compromisso com a acessibilidade<\/strong><\/h4><p data-start=\"649\" data-end=\"798\">Este site foi concebido e desenvolvido seguindo os princ\u00edpios de acessibilidade e usabilidade universais, de acordo com a normativa vigente:<\/p><ul data-start=\"800\" data-end=\"1087\"><li data-start=\"800\" data-end=\"951\"><p data-start=\"802\" data-end=\"951\"><strong data-start=\"802\" data-end=\"828\">Decreto Real 1112\/2018<\/strong>, de 7 de setembro, sobre a acessibilidade de sites e aplicativos m\u00f3veis do setor p\u00fablico.<\/p><\/li><li data-start=\"952\" data-end=\"1087\"><p data-start=\"954\" data-end=\"1087\"><strong data-start=\"954\" data-end=\"1015\">Diretrizes de Acessibilidade de Conte\u00fado da Web (WCAG) 2.1<\/strong> do World Wide Web Consortium (W3C), em seu n\u00edvel de conformidade <strong data-start=\"1080\" data-end=\"1086\">AA<\/strong>.<\/p><\/li><\/ul><p data-start=\"1089\" data-end=\"1342\">O objetivo \u00e9 garantir que todos possam acessar o conte\u00fado e as funcionalidades deste site, independentemente de suas capacidades f\u00edsicas, sensoriais ou cognitivas, ou do ambiente de onde o acessam (computadores, tablets, celulares, etc.).<\/p><h4 data-start=\"1344\" data-end=\"1370\"><strong data-start=\"1349\" data-end=\"1370\">Medidas tomadas<\/strong><\/h4><p data-start=\"1372\" data-end=\"1476\">Para garantir a acessibilidade do site, foram implementadas, entre outras, as seguintes medidas:<\/p><ul data-start=\"1478\" data-end=\"2078\"><li data-start=\"1478\" data-end=\"1575\"><p data-start=\"1480\" data-end=\"1575\">Usando um design responsivo ou <em data-start=\"1509\" data-end=\"1521\">responsivo<\/em>, compat\u00edvel com v\u00e1rios dispositivos e resolu\u00e7\u00f5es.<\/p><\/li><li data-start=\"1576\" data-end=\"1677\"><p data-start=\"1578\" data-end=\"1677\">Navega\u00e7\u00e3o consistente, estruturada e clara usando tecnologias padr\u00e3o como <strong data-start=\"1656\" data-end=\"1665\">HTML5<\/strong> e <strong data-start=\"1668\" data-end=\"1676\">CSS3<\/strong>.<\/p><\/li><li data-start=\"1678\" data-end=\"1802\"><p data-start=\"1680\" data-end=\"1802\">Rotulagem correta do conte\u00fado para facilitar o uso por tecnologias assistivas (como leitores de tela).<\/p><\/li><li data-start=\"1803\" data-end=\"1870\"><p data-start=\"1805\" data-end=\"1870\">Contraste adequado entre texto e fundo para facilitar a leitura.<\/p><\/li><li data-start=\"1871\" data-end=\"1936\"><p data-start=\"1873\" data-end=\"1936\">Acesso via teclado a todas as fun\u00e7\u00f5es essenciais.<\/p><\/li><li data-start=\"1937\" data-end=\"1999\"><p data-start=\"1939\" data-end=\"1999\">Incluindo textos alternativos em imagens significativas.<\/p><\/li><li data-start=\"2000\" data-end=\"2078\"><p data-start=\"2002\" data-end=\"2078\">Evitar barreiras que impe\u00e7am a navega\u00e7\u00e3o ou a compreens\u00e3o do conte\u00fado.<\/p><\/li><\/ul><h4 data-start=\"2080\" data-end=\"2114\"><strong data-start=\"2085\" data-end=\"2114\">Status de conformidade<\/strong><\/h4><p data-start=\"2116\" data-end=\"2434\">Este site est\u00e1 em conformidade com os requisitos de acessibilidade do Real Decreto 1112\/2018, exceto por certas exce\u00e7\u00f5es ou aspectos que podem estar em constante melhoria. Caso detecte algum problema de acessibilidade, informe-nos para que possamos solucion\u00e1-lo o mais breve poss\u00edvel.<\/p><h4 data-start=\"2436\" data-end=\"2469\"><strong data-start=\"2441\" data-end=\"2469\">Manuten\u00e7\u00e3o e revis\u00e3o<\/strong><\/h4><p data-start=\"2471\" data-end=\"2699\">Realizamos auditorias t\u00e9cnicas e revis\u00f5es de conte\u00fado peri\u00f3dicas para garantir a conformidade cont\u00ednua com os padr\u00f5es de acessibilidade e adaptar o site a quaisquer novos regulamentos ou recomenda\u00e7\u00f5es t\u00e9cnicas que possam surgir.<\/p><h4 data-start=\"2701\" data-end=\"2732\"><strong data-start=\"2706\" data-end=\"2732\">Contato e sugest\u00f5es<\/strong><\/h4><p data-start=\"2734\" data-end=\"2894\">Caso voc\u00ea encontre algum problema de acessibilidade ou tenha alguma sugest\u00e3o sobre a acessibilidade deste site, entre em contato conosco em:<\/p><ul data-start=\"2896\" data-end=\"3035\"><li data-start=\"2896\" data-end=\"2940\"><p data-start=\"2898\" data-end=\"2940\">E-mail:\u00a0<span style=\"text-align: center; background-color: transparent;\">info@transcreaglobal.com<\/span><\/p><\/li><li data-start=\"2941\" data-end=\"2975\"><p data-start=\"2943\" data-end=\"2975\">Telefone de contato: +34 633 88 87 97<\/p><\/li><li data-start=\"2976\" data-end=\"3035\"><p data-start=\"2978\" data-end=\"3035\">Formul\u00e1rio de contato: <a href=\"https:\/\/transcreaglobal.com\/pt\/contacto\/\">CONTATO<\/a><\/p><\/li><\/ul><p data-start=\"3037\" data-end=\"3173\">Analisaremos cuidadosamente cada caso e forneceremos uma resposta adequada de acordo com o Artigo 10.2 do Decreto Real 1112\/2018.<\/p><p data-start=\"3037\" data-end=\"3173\">\u00a0<\/p><p data-start=\"3037\" data-end=\"3173\">Esta pol\u00edtica est\u00e1 alinhada com o compromisso da TRANSCREA com a igualdade digital e a melhoria cont\u00ednua da experi\u00eancia do usu\u00e1rio para todos.<\/p>\t\t\t\t\t\t\t\t<\/div>\n\t\t\t\t<\/div>\n\t\t\t\t\t<\/div>\n\t\t\t\t<\/div>\n\t\t\t\t<\/div>","protected":false},"excerpt":{"rendered":"<p>Declaraci\u00f3n de Accesibilidad Pol\u00edtica de Accesibilidad Web En TRANSCREA, estamos firmemente comprometidos con la accesibilidad digital y con garantizar que todas las personas, con independencia de sus capacidades, puedan navegar, comprender e interactuar con nuestro sitio web en condiciones de igualdad. Compromiso con la accesibilidad Este sitio web ha sido dise\u00f1ado y desarrollado siguiendo los [&hellip;]<\/p>","protected":false},"author":2,"featured_media":0,"parent":0,"menu_order":0,"comment_status":"closed","ping_status":"closed","template":"","meta":{"footnotes":""},"class_list":["post-391","page","type-page","status-publish","hentry"],"_links":{"self":[{"href":"https:\/\/transcreaglobal.com\/pt\/wp-json\/wp\/v2\/pages\/391","targetHints":{"allow":["GET"]}}],"collection":[{"href":"https:\/\/transcreaglobal.com\/pt\/wp-json\/wp\/v2\/pages"}],"about":[{"href":"https:\/\/transcreaglobal.com\/pt\/wp-json\/wp\/v2\/types\/page"}],"author":[{"embeddable":true,"href":"https:\/\/transcreaglobal.com\/pt\/wp-json\/wp\/v2\/users\/2"}],"replies":[{"embeddable":true,"href":"https:\/\/transcreaglobal.com\/pt\/wp-json\/wp\/v2\/comments?post=391"}],"version-history":[{"count":13,"href":"https:\/\/transcreaglobal.com\/pt\/wp-json\/wp\/v2\/pages\/391\/revisions"}],"predecessor-version":[{"id":1094,"href":"https:\/\/transcreaglobal.com\/pt\/wp-json\/wp\/v2\/pages\/391\/revisions\/1094"}],"wp:attachment":[{"href":"https:\/\/transcreaglobal.com\/pt\/wp-json\/wp\/v2\/media?parent=391"}],"curies":[{"name":"wp","href":"https:\/\/api.w.org\/{rel}","templated":true}]}}