{"id":389,"date":"2025-05-23T13:59:03","date_gmt":"2025-05-23T13:59:03","guid":{"rendered":"https:\/\/transcreaglobal.com\/?page_id=389"},"modified":"2025-07-23T08:35:56","modified_gmt":"2025-07-23T08:35:56","slug":"politica-de-cookies","status":"publish","type":"page","link":"https:\/\/transcreaglobal.com\/pt\/politica-de-cookies\/","title":{"rendered":"Pol\u00edtica de Cookies"},"content":{"rendered":"<div data-elementor-type=\"wp-page\" data-elementor-id=\"389\" class=\"elementor elementor-389\" data-elementor-post-type=\"page\">\n\t\t\t\t<div class=\"elementor-element elementor-element-58399f67 e-flex e-con-boxed e-con e-parent\" data-id=\"58399f67\" data-element_type=\"container\">\n\t\t\t\t\t<div class=\"e-con-inner\">\n\t\t<div class=\"elementor-element elementor-element-2a20d12e e-flex e-con-boxed e-con e-child\" data-id=\"2a20d12e\" data-element_type=\"container\" data-settings=\"{&quot;background_background&quot;:&quot;classic&quot;}\">\n\t\t\t\t\t<div class=\"e-con-inner\">\n\t\t\t\t<div class=\"elementor-element elementor-element-712fb3e1 elementor-widget elementor-widget-heading\" data-id=\"712fb3e1\" data-element_type=\"widget\" data-widget_type=\"heading.default\">\n\t\t\t\t<div class=\"elementor-widget-container\">\n\t\t\t\t\t<h1 class=\"elementor-heading-title elementor-size-default\">Pol\u00edtica de Cookies<\/h1>\t\t\t\t<\/div>\n\t\t\t\t<\/div>\n\t\t\t\t\t<\/div>\n\t\t\t\t<\/div>\n\t\t\t\t\t<\/div>\n\t\t\t\t<\/div>\n\t\t<div class=\"elementor-element elementor-element-268aa50b e-flex e-con-boxed e-con e-parent\" data-id=\"268aa50b\" data-element_type=\"container\">\n\t\t\t\t\t<div class=\"e-con-inner\">\n\t\t\t\t<div class=\"elementor-element elementor-element-2d20fedc elementor-widget elementor-widget-text-editor\" data-id=\"2d20fedc\" data-element_type=\"widget\" data-widget_type=\"text-editor.default\">\n\t\t\t\t<div class=\"elementor-widget-container\">\n\t\t\t\t\t\t\t\t\t<p><strong>INTRODU\u00c7\u00c3O<\/strong><\/p><p>Este site utiliza cookies pr\u00f3prios e de terceiros. Um cookie \u00e9 um arquivo que \u00e9 baixado para o seu computador quando voc\u00ea acessa determinadas p\u00e1ginas da web. Os cookies permitem que um site, entre outras finalidades, garanta o funcionamento correto da p\u00e1gina, permita ao usu\u00e1rio um acesso mais r\u00e1pido a servi\u00e7os selecionados, armazene e recupere informa\u00e7\u00f5es sobre os h\u00e1bitos de navega\u00e7\u00e3o de um usu\u00e1rio ou seu dispositivo e, dependendo das informa\u00e7\u00f5es que cont\u00eam e da forma como utiliza seu dispositivo, podem ser usados para reconhecer o usu\u00e1rio. Os cookies s\u00e3o associados apenas a um usu\u00e1rio an\u00f4nimo e seu computador ou dispositivo e n\u00e3o fornecem refer\u00eancias que nos permitam conhecer seus dados pessoais, a menos que expressamente autorizado pelo usu\u00e1rio.<\/p><p>O usu\u00e1rio pode, a qualquer momento, aceitar ou rejeitar os cookies instalados que n\u00e3o sejam estritamente necess\u00e1rios ao bom funcionamento do site e ao acesso aos seus servi\u00e7os, atrav\u00e9s do painel de configura\u00e7\u00e3o de cookies disponibilizado em nosso site. O usu\u00e1rio tamb\u00e9m pode configurar seu navegador a qualquer momento, sem que isso afete o acesso ao conte\u00fado. No entanto, informamos que a rejei\u00e7\u00e3o de cookies pode prejudicar o bom funcionamento do site.<\/p><p><strong>COOKIES AFETADOS PELOS REGULAMENTOS E COOKIES ISENTOS<\/strong><\/p><p>De acordo com a diretiva da UE, os cookies que requerem consentimento informado do usu\u00e1rio s\u00e3o os cookies anal\u00edticos, publicit\u00e1rios e de afilia\u00e7\u00e3o, com exce\u00e7\u00e3o dos cookies t\u00e9cnicos e aqueles necess\u00e1rios para o funcionamento do site ou a presta\u00e7\u00e3o de servi\u00e7os expressamente solicitados pelo usu\u00e1rio.<\/p><p><strong>TIPOS DE COOKIES<\/strong><\/p><p>Os cookies podem ser classificados globalmente em tr\u00eas blocos, dependendo do escopo do estudo:<\/p><p>a) Tipos de cookies de acordo com a entidade que os gere<br \/>Dependendo da entidade que gere o dom\u00ednio do site a partir do qual s\u00e3o enviados os cookies e s\u00e3o tratados os dados obtidos, existem:<\/p><p style=\"padding-left: 40px;\"><strong><b>Cookies pr\u00f3prios:\u00a0<\/b><\/strong>Aqueles que s\u00e3o enviados ao dispositivo do usu\u00e1rio a partir do site que ele visita.<br \/><strong><b>Cookies de terceiros:\u00a0<\/b><\/strong>Os cookies s\u00e3o enviados para o dispositivo do usu\u00e1rio a partir de um dom\u00ednio n\u00e3o gerenciado pelo propriet\u00e1rio do dom\u00ednio que o usu\u00e1rio est\u00e1 visitando, mas por outra entidade que processa os dados obtidos por meio de cookies, como o Google. Como esses terceiros s\u00e3o respons\u00e1veis por sua implementa\u00e7\u00e3o, o bloqueio e a desinstala\u00e7\u00e3o de cookies s\u00e3o gerenciados de acordo com suas condi\u00e7\u00f5es e mecanismos espec\u00edficos.<\/p><p>b) Tipos de cookies de acordo com o tempo que permanecem ativos no dispositivo:<br \/>Dependendo do tempo que os cookies permanecem armazenados e ativados no dispositivo do usu\u00e1rio, temos:<\/p><p style=\"padding-left: 40px;\"><strong><b>Cookies de sess\u00e3o:\u00a0<\/b><\/strong>Projetados para coletar e armazenar dados enquanto o usu\u00e1rio acessa um site. Esses cookies ficam armazenados no seu dispositivo at\u00e9 o t\u00e9rmino da sess\u00e3o de navega\u00e7\u00e3o do usu\u00e1rio.<br \/><strong><b>Cookies persistentes:\u00a0<\/b><\/strong>Projetados para permanecer ativos no dispositivo de alguns minutos a v\u00e1rios anos, os dados permanecem armazenados no dispositivo e podem ser acessados e processados por um per\u00edodo definido pelo propriet\u00e1rio do cookie.<\/p><p>c) Tipos de cookies de acordo com sua finalidade:<\/p><p>Dependendo da finalidade para a qual um site usa cookies, eles geralmente s\u00e3o classificados como:<\/p><p style=\"padding-left: 40px;\"><strong><b>Cookies t\u00e9cnicos:<\/b><\/strong>Por exemplo, eles nos permitem saber se o usu\u00e1rio j\u00e1 visitou o site e aceitou ou rejeitou cookies, identificando-o quando ele se conecta ao site.<br \/><strong><b>Cookies de prefer\u00eancia:<\/b><\/strong>Eles permitem que a apresenta\u00e7\u00e3o do site seja adaptada \u00e0s prefer\u00eancias do usu\u00e1rio, por exemplo, com base no idioma usado, na resolu\u00e7\u00e3o do dispositivo, no navegador usado, etc. Em suma, eles simplesmente melhoram a experi\u00eancia do usu\u00e1rio.<br \/><strong><b>Cookies anal\u00edticos:\u00a0<\/b><\/strong>Permitem, em fun\u00e7\u00e3o das prefer\u00eancias do utilizador, estabelecer estat\u00edsticas sobre o volume de visitas, o tr\u00e1fego web, as medi\u00e7\u00f5es e a utiliza\u00e7\u00e3o dos diferentes elementos que comp\u00f5em o s\u00edtio web, com a finalidade de melhorar o s\u00edtio e potenciar os servi\u00e7os.<br \/><strong><b>Cookies de marketing e\/ou publicidade:\u00a0<\/b><\/strong>Esses cookies geralmente s\u00e3o usados para criar um perfil de usu\u00e1rio, entender suas prefer\u00eancias e exibir an\u00fancios direcionados. Um perfil pode ser criado sobre voc\u00ea e seus interesses para mostrar conte\u00fado personalizado e relevante para voc\u00ea.<\/p><p><strong>TIPOS DE COOKIES USADOS POR ESTE SITE<\/strong><\/p><table><tbody><tr><td width=\"167\">\u00a0Nome<\/td><td width=\"167\">\u00a0Prop\u00f3sito<\/td><td width=\"167\">\u00a0Vencimento<\/td><td width=\"167\">\u00a0Fornecedor<\/td><\/tr><tr><td width=\"167\">_ga<\/td><td width=\"167\">\u00c9 usado para distinguir usu\u00e1rios por um identificador exclusivo.<\/td><td width=\"167\">2 anos<\/td><td width=\"167\">Google LLC<\/td><\/tr><tr><td width=\"167\">_gid<\/td><td width=\"167\">Usado para distinguir usu\u00e1rios.<\/td><td width=\"167\">24 horas<\/td><td width=\"167\">Google LLC<\/td><\/tr><tr><td width=\"167\">_gato<\/td><td width=\"167\">Usado para limitar a porcentagem de solicita\u00e7\u00f5es.<\/td><td width=\"167\">1 minuto<\/td><td width=\"167\">Google LLC<\/td><\/tr><\/tbody><\/table><p><strong>REVOGA\u00c7\u00c3O E EXCLUS\u00c3O DE COOKIES<\/strong><\/p><p>Em termos gerais, ao navegar na Internet, o usu\u00e1rio pode aceitar ou rejeitar os cookies; e permitir, bloquear, eliminar ou desativ\u00e1-los, configurando o menu de op\u00e7\u00f5es do seu navegador.<br \/>Para configurar o seu navegador, desativar ou gerir a instala\u00e7\u00e3o de cookies e, assim, garantir que estes sejam eliminados automaticamente quando fechar o seu navegador, computador ou dispositivo, pode obter mais informa\u00e7\u00f5es clicando nos seguintes links disponibilizados, dependendo do navegador que utilizar:<\/p><p><strong>Google Chrome<\/strong>\u00a0(no menu Ferramentas):<\/p><p>Configura\u00e7\u00f5es &gt; Configura\u00e7\u00f5es &gt; Mostrar op\u00e7\u00f5es avan\u00e7adas &gt; Privacidade (Configura\u00e7\u00f5es de conte\u00fado) &gt; Cookies:<\/p><p><a href=\"https:\/\/support.google.com\/chrome\/answer\/95647?co=GENIE.Platform%3DDesktopandhl=es\" target=\"_blank\" rel=\"noopener\">https:\/\/support.google.com\/chrome\/answer\/95647?co=GENIE.Platform%3DDesktopandhl=es<\/a><\/p><p><strong>Microsoft Edge:\u00a0<\/strong>\u00a0(no menu Configura\u00e7\u00f5es):<\/p><p>Op\u00e7\u00f5es da Internet &gt; Privacidade &gt; Avan\u00e7ado:<\/p><p>edge:\/\/settings\/content\/cookies<\/p><p><strong>Firefox:<\/strong><\/p><p>Op\u00e7\u00f5es &gt; Privacidade &gt; Cookies:<\/p><p><a href=\"https:\/\/support.mozilla.org\/es\/kb\/habilitar-y-deshabilitar-cookies-sitios-web-rastrear-preferencias\" target=\"_blank\" rel=\"noopener\">https:\/\/support.mozilla.org\/es\/kb\/habilitar-y-deshabilitar-cookies-sitios-web-rastrear-preferencias<\/a><\/p><p><strong>\u00d3pera:<\/strong><\/p><p>Configura\u00e7\u00f5es &gt; Op\u00e7\u00f5es &gt; Avan\u00e7ado &gt; Cookies<\/p><p><a href=\"http:\/\/help.opera.com\/Windows\/12.00\/es-ES\/cookies.html\" target=\"_blank\" rel=\"noopener\">http:\/\/help.opera.com\/Windows\/12.00\/es-ES\/cookies.html<\/a><\/p><p>Esses navegadores est\u00e3o sujeitos a altera\u00e7\u00f5es ou modifica\u00e7\u00f5es, portanto, n\u00e3o podemos garantir que sejam totalmente compat\u00edveis com a vers\u00e3o do seu navegador. Voc\u00ea tamb\u00e9m pode estar usando outro navegador n\u00e3o mencionado nestes links, como Konqueror, Arora, Flock, etc. Para evitar essas incompatibilidades, voc\u00ea pode acess\u00e1-los diretamente nas op\u00e7\u00f5es do seu navegador, geralmente no menu &quot;Op\u00e7\u00f5es&quot; em &quot;Privacidade&quot;. (Consulte a Ajuda do seu navegador para obter mais informa\u00e7\u00f5es.)<\/p><p>De modo geral, a maioria dos navegadores permite acesso r\u00e1pido para excluir dados de navega\u00e7\u00e3o pressionando a sequ\u00eancia de teclas Ctrl+Shift+Del, o que permite excluir cookies.<\/p><p><strong>ALTERA\u00c7\u00d5ES A ESTA POL\u00cdTICA DE COOKIES<\/strong><\/p><p><strong>DESATIVA\u00c7\u00c3O \/ ATIVA\u00c7\u00c3O E EXCLUS\u00c3O DE COOKIES<\/strong><\/p><p>Para restringir ou bloquear cookies, voc\u00ea pode fazer isso por meio das configura\u00e7\u00f5es do seu navegador.<\/p><p>Se n\u00e3o desejar que sites instalem cookies no seu computador, voc\u00ea pode ajustar as configura\u00e7\u00f5es do seu navegador para ser notificado antes que qualquer cookie seja instalado. Da mesma forma, voc\u00ea pode ajustar as configura\u00e7\u00f5es para que o navegador rejeite todos os cookies ou apenas cookies de terceiros. Voc\u00ea tamb\u00e9m pode excluir os cookies que j\u00e1 est\u00e3o no seu computador. Lembre-se de que voc\u00ea deve ajustar as configura\u00e7\u00f5es para cada navegador e dispositivo que utiliza separadamente.<\/p><p>Lembre-se de que, se voc\u00ea n\u00e3o desejar receber cookies, n\u00e3o poderemos mais garantir o funcionamento adequado do nosso site. Alguns recursos do site podem ser perdidos e voc\u00ea poder\u00e1 n\u00e3o conseguir mais visualizar determinados sites. Al\u00e9m disso, a rejei\u00e7\u00e3o de cookies n\u00e3o significa que voc\u00ea n\u00e3o ver\u00e1 mais an\u00fancios. Os an\u00fancios simplesmente n\u00e3o ser\u00e3o adaptados aos seus interesses e ser\u00e3o repetidos com mais frequ\u00eancia.<\/p><p>Cada navegador possui um m\u00e9todo diferente para ajustar as configura\u00e7\u00f5es. Se necess\u00e1rio, consulte a Ajuda do seu navegador para definir as configura\u00e7\u00f5es corretas.<\/p><p>Para desabilitar os cookies no seu celular, consulte o manual do seu dispositivo para obter mais informa\u00e7\u00f5es.<\/p><p>Voc\u00ea pode descobrir mais sobre cookies na Internet, <a href=\"https:\/\/www.aboutcookies.org\/\" target=\"_blank\" rel=\"noopener\">https:\/\/www.aboutcookies.org\/<\/a>.<\/p><p>Dada a forma como a internet e os sites funcionam, nem sempre temos informa\u00e7\u00f5es sobre os cookies colocados por terceiros atrav\u00e9s do nosso site. Isso se aplica especialmente aos casos em que o site cont\u00e9m os chamados elementos incorporados: textos, documentos, imagens ou curtas-metragens que s\u00e3o armazenados em outro lugar, mas s\u00e3o exibidos no nosso site ou atrav\u00e9s dele.<\/p><p>Portanto, se voc\u00ea encontrar esse tipo de cookie neste site que n\u00e3o esteja listado acima, informe-nos. Ou entre em contato diretamente com o terceiro para solicitar informa\u00e7\u00f5es sobre os cookies que eles colocam, sua finalidade e dura\u00e7\u00e3o, e como eles garantem sua privacidade.<\/p><p><strong>INFORMA\u00c7\u00d5ES RELACIONADAS AO TRATAMENTO DE DADOS PESSOAIS (ART. 13 GDPR)<\/strong><\/p><p><strong>Quem \u00e9 respons\u00e1vel pelo processamento dos seus dados pessoais?<\/strong><\/p><p><span>Rosa In\u00e9s Huamanchumo Salvador<\/span> \u00e9 respons\u00e1vel pelo processamento dos dados pessoais que voc\u00ea nos fornece, localizado em <span>Rua Santa Ana 20, 1-3. 08921 Santa Coloma de Gramanet (Barcelona), Espanha<\/span> e com NIF <span>ES21786677L<\/span> e e-mail de contato <span>info@transcreaglobal.com<\/span><\/p><p><strong>Para que usamos seus dados pessoais?<\/strong><\/p><p>As informa\u00e7\u00f5es coletadas por meio de cookies prim\u00e1rios (cookies de sess\u00e3o e de entrada do usu\u00e1rio) normalmente s\u00e3o usadas para rastrear a\u00e7\u00f5es do usu\u00e1rio ao preencher formul\u00e1rios on-line em v\u00e1rias p\u00e1ginas, ou como um carrinho de compras para rastrear itens que o usu\u00e1rio selecionou clicando em um bot\u00e3o, ou para personalizar a interface do usu\u00e1rio ao visitar o site.<\/p><p>As informa\u00e7\u00f5es coletadas por meio de cookies de terceiros s\u00e3o as seguintes:<\/p><p>\u2013 Os cookies anal\u00edticos analisam os seus h\u00e1bitos de navega\u00e7\u00e3o para melhorar os servi\u00e7os prestados;<\/p><p>\u2013 Os cookies anal\u00edticos analisam os seus h\u00e1bitos de navega\u00e7\u00e3o para melhorar os servi\u00e7os prestados;<\/p><p>\u2013 Os cookies de publicidade medem o desempenho dos an\u00fancios e fornecem recomenda\u00e7\u00f5es de produtos com base em dados estat\u00edsticos.<\/p><p>Para ver exatamente como os cookies s\u00e3o usados, consulte a tabela sobre o uso de cookies neste site.<\/p><p><strong>Qual \u00e9 a base legal para o processamento dos seus dados pessoais?<\/strong><\/p><p>A legitimidade para o processamento dos seus dados pessoais baseia-se no seu consentimento, dado quando nos contactou, para a utiliza\u00e7\u00e3o de cookies anal\u00edticos, comportamentais e publicit\u00e1rios; para cookies de sess\u00e3o ou de personaliza\u00e7\u00e3o, a legitimidade para o processamento baseia-se no interesse leg\u00edtimo do fornecedor (controlador de dados).<\/p><p><strong>A quem comunicamos seus dados?<\/strong><\/p><p>Os dados n\u00e3o ser\u00e3o cedidos nem comunicados a terceiros, exceto por obriga\u00e7\u00e3o legal ou aos terceiros indicados no caso de utiliza\u00e7\u00e3o de cookies por eles geridos.<\/p><p><strong>Por quanto tempo seus dados ser\u00e3o retidos?<\/strong><\/p><p>O prazo de conserva\u00e7\u00e3o dos dados recolhidos \u00e9 o indicado na tabela relativa \u00e0 utiliza\u00e7\u00e3o de cookies neste website.<\/p><p><strong>Quais s\u00e3o os seus direitos?<\/strong><\/p><p>Os direitos que protegem o utilizador s\u00e3o os de acesso, retifica\u00e7\u00e3o, supress\u00e3o, portabilidade do mesmo, retirada do consentimento (sem afetar a legalidade do tratamento concedido antes da sua retirada), oposi\u00e7\u00e3o ao tratamento, limita\u00e7\u00e3o (em determinadas circunst\u00e2ncias) e apresenta\u00e7\u00e3o de reclama\u00e7\u00e3o perante a autoridade de controlo (a Ag\u00eancia Espanhola de Prote\u00e7\u00e3o de Dados, www.aepd.es).<\/p>\t\t\t\t\t\t\t\t<\/div>\n\t\t\t\t<\/div>\n\t\t\t\t\t<\/div>\n\t\t\t\t<\/div>\n\t\t\t\t<\/div>","protected":false},"excerpt":{"rendered":"<p>Pol\u00edtica de Cookies INTRODUCCI\u00d3N Esta web utiliza cookies propias y de terceros. Una cookie es un archivo que se descarga en su ordenador al acceder a determinadas p\u00e1ginas web. Las cookies permiten a una p\u00e1gina web, entre otras finalidades, asegurar el correcto funcionamiento de la p\u00e1gina, permitir al Usuario un acceso m\u00e1s r\u00e1pido a los [&hellip;]<\/p>","protected":false},"author":2,"featured_media":0,"parent":0,"menu_order":0,"comment_status":"closed","ping_status":"closed","template":"","meta":{"footnotes":""},"class_list":["post-389","page","type-page","status-publish","hentry"],"_links":{"self":[{"href":"https:\/\/transcreaglobal.com\/pt\/wp-json\/wp\/v2\/pages\/389","targetHints":{"allow":["GET"]}}],"collection":[{"href":"https:\/\/transcreaglobal.com\/pt\/wp-json\/wp\/v2\/pages"}],"about":[{"href":"https:\/\/transcreaglobal.com\/pt\/wp-json\/wp\/v2\/types\/page"}],"author":[{"embeddable":true,"href":"https:\/\/transcreaglobal.com\/pt\/wp-json\/wp\/v2\/users\/2"}],"replies":[{"embeddable":true,"href":"https:\/\/transcreaglobal.com\/pt\/wp-json\/wp\/v2\/comments?post=389"}],"version-history":[{"count":17,"href":"https:\/\/transcreaglobal.com\/pt\/wp-json\/wp\/v2\/pages\/389\/revisions"}],"predecessor-version":[{"id":1229,"href":"https:\/\/transcreaglobal.com\/pt\/wp-json\/wp\/v2\/pages\/389\/revisions\/1229"}],"wp:attachment":[{"href":"https:\/\/transcreaglobal.com\/pt\/wp-json\/wp\/v2\/media?parent=389"}],"curies":[{"name":"wp","href":"https:\/\/api.w.org\/{rel}","templated":true}]}}