{"id":3,"date":"2025-05-17T12:30:52","date_gmt":"2025-05-17T12:30:52","guid":{"rendered":"https:\/\/transcreaglobal.com\/?page_id=3"},"modified":"2025-07-23T07:26:51","modified_gmt":"2025-07-23T07:26:51","slug":"politica-de-privacidad","status":"publish","type":"page","link":"https:\/\/transcreaglobal.com\/pt\/politica-de-privacidad\/","title":{"rendered":"pol\u00edtica de Privacidade"},"content":{"rendered":"<div data-elementor-type=\"wp-page\" data-elementor-id=\"3\" class=\"elementor elementor-3\" data-elementor-post-type=\"page\">\n\t\t\t\t<div class=\"elementor-element elementor-element-2901f5b0 e-flex e-con-boxed e-con e-parent\" data-id=\"2901f5b0\" data-element_type=\"container\">\n\t\t\t\t\t<div class=\"e-con-inner\">\n\t\t<div class=\"elementor-element elementor-element-b60e95c e-flex e-con-boxed e-con e-child\" data-id=\"b60e95c\" data-element_type=\"container\" data-settings=\"{&quot;background_background&quot;:&quot;classic&quot;}\">\n\t\t\t\t\t<div class=\"e-con-inner\">\n\t\t\t\t<div class=\"elementor-element elementor-element-186c0689 elementor-widget elementor-widget-heading\" data-id=\"186c0689\" data-element_type=\"widget\" data-widget_type=\"heading.default\">\n\t\t\t\t<div class=\"elementor-widget-container\">\n\t\t\t\t\t<h1 class=\"elementor-heading-title elementor-size-default\">pol\u00edtica de Privacidade\n<\/h1>\t\t\t\t<\/div>\n\t\t\t\t<\/div>\n\t\t\t\t\t<\/div>\n\t\t\t\t<\/div>\n\t\t\t\t\t<\/div>\n\t\t\t\t<\/div>\n\t\t<div class=\"elementor-element elementor-element-7bbf9ca1 e-flex e-con-boxed e-con e-parent\" data-id=\"7bbf9ca1\" data-element_type=\"container\">\n\t\t\t\t\t<div class=\"e-con-inner\">\n\t\t\t\t<div class=\"elementor-element elementor-element-51ef0207 elementor-widget elementor-widget-text-editor\" data-id=\"51ef0207\" data-element_type=\"widget\" data-widget_type=\"text-editor.default\">\n\t\t\t\t<div class=\"elementor-widget-container\">\n\t\t\t\t\t\t\t\t\t<p>Na TRANSCREA, preocupamo-nos particularmente com a confidencialidade dos dados pessoais que nos s\u00e3o fornecidos atrav\u00e9s do site e, atrav\u00e9s desta pol\u00edtica, informamos os utilizadores sobre a prote\u00e7\u00e3o de dados e os seus direitos.<\/p><p>Por isso, e em conformidade com o Regulamento Geral sobre a Prote\u00e7\u00e3o de Dados (RGPD) da Uni\u00e3o Europeia, o Regulamento (UE) 2016\/679 do Parlamento Europeu e do Conselho, de 27 de abril de 2016, e em conformidade com o princ\u00edpio da transpar\u00eancia, disponibilizamos-lhe informa\u00e7\u00f5es relevantes sobre o tratamento de dados pessoais. Desta forma, garante que est\u00e1 sempre ciente de como tratamos os seus dados, para que finalidade e quais os seus direitos correspondentes.<\/p><p><b>Controlador de dados:<\/b><br \/>Rosa In\u00e9s Huamanchumo Salvador (doravante A CONTROLADORA), NIF ES21786677L e sede social em: Calle Santa Anna 20, 1-3. 08921 Santa Coloma de Gramanet (Barcelona), Espanha.<br \/>E-mail: info@transcreaglobal.com<br \/>Telefone: +34 633 888 797<\/p><p><b><br \/>Obtendo os dados:<\/b><br \/>O CONTROLADOR obteve os dados pessoais que ser\u00e3o tratados, por meio<br \/>de diferentes canais:<\/p><p>Fornecidos voluntariamente pelo titular dos dados, seja por meio de formul\u00e1rio web para solicita\u00e7\u00e3o de informa\u00e7\u00f5es, solicita\u00e7\u00e3o de or\u00e7amentos, contrata\u00e7\u00e3o de servi\u00e7os por e-mail ou telefone, ou, quando aplic\u00e1vel, por meio da formaliza\u00e7\u00e3o de contrato de presta\u00e7\u00e3o de servi\u00e7os\/produtos.<\/p><p><b>Descri\u00e7\u00e3o da finalidade do tratamento:<br \/><\/b>O CONTROLADOR tratar\u00e1 os seus dados para as seguintes finalidades: Responder a pedidos de contacto ou de informa\u00e7\u00e3o. Gerir rela\u00e7\u00f5es comerciais com clientes e potenciais clientes. Enviar comunica\u00e7\u00f5es informativas e\/ou promocionais peri\u00f3dicas relacionadas com os nossos servi\u00e7os, mediante consentimento do utilizador. Melhorar a experi\u00eancia do utilizador e analisar a utiliza\u00e7\u00e3o do website atrav\u00e9s de ferramentas como Google Analytics, Hotjar, Search Console, etc. Cumprir as obriga\u00e7\u00f5es legais aplic\u00e1veis.<\/p><p>Voc\u00ea poder\u00e1 revogar seu consentimento a qualquer momento atrav\u00e9s dos meios disponibilizados para esse fim. Trataremos seus dados para fins comerciais, administrativos, cont\u00e1beis e fiscais, de acordo com a regulamenta\u00e7\u00e3o vigente e com base nas informa\u00e7\u00f5es fornecidas e na autoriza\u00e7\u00e3o concedida.<\/p><p>No entanto, voc\u00ea poder\u00e1 revogar este consentimento a qualquer momento atrav\u00e9s dos meios disponibilizados para esse fim. Trataremos seus dados para fins comerciais, administrativos, cont\u00e1beis e fiscais, de acordo com a regulamenta\u00e7\u00e3o vigente e com base nas informa\u00e7\u00f5es fornecidas e na autoriza\u00e7\u00e3o concedida.<\/p><p>As categorias de dados que ser\u00e3o solicitadas ser\u00e3o: nome e sobrenome, identifica\u00e7\u00e3o (NIF, CIF, NIE, passaporte), endere\u00e7o fiscal, n\u00famero de telefone, endere\u00e7o de e-mail.<\/p><p>Ocasionalmente, devido ao tipo de servi\u00e7os e produtos contratados, a TRANSCREA poder\u00e1 visualizar informa\u00e7\u00f5es contidas nos sistemas de informa\u00e7\u00e3o dos clientes. Nesses casos, ser\u00e1 firmado um acordo de confidencialidade entre as partes.<\/p><p>As informa\u00e7\u00f5es coletadas por meio de Cookies ser\u00e3o descritas no <a href=\"https:\/\/transcreaglobal.com\/pt\/politica-de-cookies\/\">Pol\u00edtica de Cookies<\/a> deste site.<\/p><p><b>Reten\u00e7\u00e3o de dados<br \/><\/b>Os dados pessoais fornecidos ser\u00e3o conservados enquanto a rela\u00e7\u00e3o com a entidade se mantiver e o titular dos dados n\u00e3o solicitar a sua elimina\u00e7\u00e3o. Ser\u00e3o conservados de acordo com os prazos legais estabelecidos e com base na finalidade para a qual foram recolhidos.<\/p><p>Caso o interessado subscreva voluntariamente qualquer tipo de comunica\u00e7\u00f5es comerciais, newsletters, publicidade, etc., os dados ser\u00e3o conservados at\u00e9 que o interessado cancele a subscri\u00e7\u00e3o deste tipo de comunica\u00e7\u00f5es.<\/p><p><b>Legitima\u00e7\u00e3o<br \/><\/b>A base legal para o tratamento de dados pessoais pelo CONTROLADOR \u00e9 o consentimento do usu\u00e1rio. Este consentimento deve ser expresso de forma livre, informada e inequ\u00edvoca nos seguintes casos:<br \/>\u2013 Solicita\u00e7\u00e3o pelo interessado de qualquer tipo de informa\u00e7\u00e3o.<br \/>\u2013 Assinatura para receber comunica\u00e7\u00f5es comerciais com consentimento expresso.<br \/>\u2013 Formaliza\u00e7\u00e3o de rela\u00e7\u00e3o comercial decorrente da aquisi\u00e7\u00e3o de produtos e\/ou servi\u00e7os. Neste caso, tamb\u00e9m utilizaremos a base para legitimar a execu\u00e7\u00e3o contratual.<\/p><p><b>Destinat\u00e1rios<br \/><\/b>Enquanto os dados do titular dos dados estiverem sendo processados, O CONTROLADOR n\u00e3o transferir\u00e1 os dados a terceiros, a menos que haja uma obriga\u00e7\u00e3o legal para faz\u00ea-lo.<\/p><p>Nos casos em que sejam utilizados terceiros para a realiza\u00e7\u00e3o de tratamentos administrativos, fiscais, cont\u00e1beis e\/ou comerciais, ser\u00e1 devidamente formalizado o contrato de tratamento de dados necess\u00e1rio para garantir a seguran\u00e7a e a confidencialidade dos dados do titular perante terceiros.<\/p><p><b>Direitos<br \/><\/b>A qualquer momento, o titular dos dados pode exercer livre e gratuitamente os seguintes direitos em rela\u00e7\u00e3o aos seus dados pessoais:<br \/>\u2013 Direito de acesso aos seus dados pessoais.<br \/>\u2013 Direito de retifica\u00e7\u00e3o dos seus dados pessoais quando estes estiverem incompletos ou inexatos.<br \/>\u2013 Direito de apagar os seus dados pessoais quando estes j\u00e1 n\u00e3o forem necess\u00e1rios para as finalidades para as quais foram recolhidos.<br \/>\u2013 Direito de restringir o tratamento de todos ou parte dos seus dados.<br \/>\u2013 Direito de se opor ao processamento.<br \/>\u2013 Direito \u00e0 portabilidade de dados.<br \/>\u2013 Direito de revogar o consentimento previamente dado.<\/p><p>Tudo isso \u00e9 feito por escrito ao Controlador de Dados, utilizando as informa\u00e7\u00f5es de contato no cabe\u00e7alho. Este direito \u00e9 pessoal e intransfer\u00edvel.<\/p><p>Caso considere que os seus direitos relativos \u00e0 prote\u00e7\u00e3o dos seus dados pessoais foram violados, nomeadamente quando n\u00e3o obteve satisfa\u00e7\u00e3o no exerc\u00edcio dos seus direitos, poder\u00e1 apresentar uma reclama\u00e7\u00e3o \u00e0 Autoridade de Controlo de Prote\u00e7\u00e3o de Dados competente, neste caso, a Ag\u00eancia Espanhola de Prote\u00e7\u00e3o de Dados (Ag\u00eancia Espanhola de Prote\u00e7\u00e3o de Dados).<a href=\"https:\/\/www.aepd.es\/\" target=\"_blank\" rel=\"noopener\">https:\/\/www.aepd.es\/<\/a>).<\/p><p><b>Autoridade Supervisora<br \/><\/b>Caso necessite de mais informa\u00e7\u00f5es e\/ou assist\u00eancia, al\u00e9m daquelas que podemos e desejamos fornecer, em rela\u00e7\u00e3o \u00e0 Prote\u00e7\u00e3o de Dados, voc\u00ea deve saber que a autoridade de supervis\u00e3o na Espanha que assegura o cumprimento da regulamenta\u00e7\u00e3o de prote\u00e7\u00e3o de dados, que garante e protege o direito fundamental \u00e0 prote\u00e7\u00e3o de dados pessoais, \u00e9:<br \/>Ag\u00eancia Espanhola de Prote\u00e7\u00e3o de Dados (AEPD)<br \/>C\/ Jorge Juan N\u00ba6<br \/>28001 \u2013 Madri<br \/>901 100 099 \u2013 912 663 517<br \/><a href=\"https:\/\/www.aepd.es\/\" target=\"_blank\" rel=\"noopener\">www.agpd.es<\/a><\/p><p>Voc\u00ea tamb\u00e9m pode entrar em contato conosco atrav\u00e9s deste formul\u00e1rio.<\/p><p>A AEPD informa e auxilia os cidad\u00e3os no exerc\u00edcio dos seus direitos, bem como as empresas no cumprimento das obriga\u00e7\u00f5es estabelecidas por lei.<\/p><p>Como controladora de dados, a AEPD protege o exerc\u00edcio dos direitos de acesso, retifica\u00e7\u00e3o, apagamento, restri\u00e7\u00e3o, portabilidade e obje\u00e7\u00e3o quando esses direitos n\u00e3o forem adequadamente atendidos. Tamb\u00e9m garante o direito \u00e0 prote\u00e7\u00e3o de dados contra a\u00e7\u00f5es que possam violar a lei.<\/p><p><strong>Lei aplic\u00e1vel e jurisdi\u00e7\u00e3o<\/strong><br \/>A lei aplic\u00e1vel em caso de lit\u00edgio ou conflito sobre a interpreta\u00e7\u00e3o dos termos contidos nesta Pol\u00edtica de Privacidade, bem como sobre qualquer quest\u00e3o relacionada aos servi\u00e7os deste site e suas pol\u00edticas, ser\u00e1 a lei espanhola. Os tribunais competentes para qualquer lit\u00edgio relativo \u00e0 interpreta\u00e7\u00e3o deste texto legal ser\u00e3o os da cidade de Barcelona.<\/p><p>Para a resolu\u00e7\u00e3o de qualquer lit\u00edgio que possa surgir durante a visita ao site, O TITULAR e o usu\u00e1rio estar\u00e3o sujeitos \u00e0 jurisdi\u00e7\u00e3o estabelecida pela legisla\u00e7\u00e3o vigente. Voc\u00ea pode acessar o site atrav\u00e9s deste link: <a href=\"https:\/\/ec.europa.eu\/consumers\/odr\/main\/index.cfm?event=main.home2.show&amp;lng=ES\" target=\"_blank\" rel=\"noopener\">https:\/\/ec.europa.eu\/consumers\/odr\/main\/index.cfm?event=main.home2.show&amp;lng=ES<\/a><\/p><p>\u00daltima publica\u00e7\u00e3o: 2 de julho de 2025<\/p>\t\t\t\t\t\t\t\t<\/div>\n\t\t\t\t<\/div>\n\t\t\t\t\t<\/div>\n\t\t\t\t<\/div>\n\t\t\t\t<\/div>","protected":false},"excerpt":{"rendered":"<p>Pol\u00edtica de Privacidad En TRANSCREA estamos especialmente concienciados por la confidencialidad de los datos de car\u00e1cter personal que se nos facilitan a trav\u00e9s de la p\u00e1gina web, y mediante esta pol\u00edtica, informamos al usuario, en materia de protecci\u00f3n de datos, as\u00ed como de los derechos que le asisten. Por ello, y en virtud del Reglamento [&hellip;]<\/p>","protected":false},"author":1,"featured_media":0,"parent":0,"menu_order":0,"comment_status":"closed","ping_status":"open","template":"","meta":{"footnotes":""},"class_list":["post-3","page","type-page","status-publish","hentry"],"_links":{"self":[{"href":"https:\/\/transcreaglobal.com\/pt\/wp-json\/wp\/v2\/pages\/3","targetHints":{"allow":["GET"]}}],"collection":[{"href":"https:\/\/transcreaglobal.com\/pt\/wp-json\/wp\/v2\/pages"}],"about":[{"href":"https:\/\/transcreaglobal.com\/pt\/wp-json\/wp\/v2\/types\/page"}],"author":[{"embeddable":true,"href":"https:\/\/transcreaglobal.com\/pt\/wp-json\/wp\/v2\/users\/1"}],"replies":[{"embeddable":true,"href":"https:\/\/transcreaglobal.com\/pt\/wp-json\/wp\/v2\/comments?post=3"}],"version-history":[{"count":24,"href":"https:\/\/transcreaglobal.com\/pt\/wp-json\/wp\/v2\/pages\/3\/revisions"}],"predecessor-version":[{"id":1218,"href":"https:\/\/transcreaglobal.com\/pt\/wp-json\/wp\/v2\/pages\/3\/revisions\/1218"}],"wp:attachment":[{"href":"https:\/\/transcreaglobal.com\/pt\/wp-json\/wp\/v2\/media?parent=3"}],"curies":[{"name":"wp","href":"https:\/\/api.w.org\/{rel}","templated":true}]}}