{"id":391,"date":"2025-05-23T13:59:16","date_gmt":"2025-05-23T13:59:16","guid":{"rendered":"https:\/\/transcreaglobal.com\/?page_id=391"},"modified":"2025-07-03T07:54:52","modified_gmt":"2025-07-03T07:54:52","slug":"declaracion-de-accesibilidad","status":"publish","type":"page","link":"https:\/\/transcreaglobal.com\/fr\/declaracion-de-accesibilidad\/","title":{"rendered":"D\u00e9claration d&#039;accessibilit\u00e9"},"content":{"rendered":"<div data-elementor-type=\"wp-page\" data-elementor-id=\"391\" class=\"elementor elementor-391\" data-elementor-post-type=\"page\">\n\t\t\t\t<div class=\"elementor-element elementor-element-25834dab e-flex e-con-boxed e-con e-parent\" data-id=\"25834dab\" data-element_type=\"container\">\n\t\t\t\t\t<div class=\"e-con-inner\">\n\t\t<div class=\"elementor-element elementor-element-76022135 e-flex e-con-boxed e-con e-child\" data-id=\"76022135\" data-element_type=\"container\" data-settings=\"{&quot;background_background&quot;:&quot;classic&quot;}\">\n\t\t\t\t\t<div class=\"e-con-inner\">\n\t\t\t\t<div class=\"elementor-element elementor-element-37259607 elementor-widget elementor-widget-heading\" data-id=\"37259607\" data-element_type=\"widget\" data-widget_type=\"heading.default\">\n\t\t\t\t<div class=\"elementor-widget-container\">\n\t\t\t\t\t<h1 class=\"elementor-heading-title elementor-size-default\">D\u00e9claration d&#039;accessibilit\u00e9\n<\/h1>\t\t\t\t<\/div>\n\t\t\t\t<\/div>\n\t\t\t\t\t<\/div>\n\t\t\t\t<\/div>\n\t\t\t\t\t<\/div>\n\t\t\t\t<\/div>\n\t\t<div class=\"elementor-element elementor-element-49553107 e-flex e-con-boxed e-con e-parent\" data-id=\"49553107\" data-element_type=\"container\">\n\t\t\t\t\t<div class=\"e-con-inner\">\n\t\t\t\t<div class=\"elementor-element elementor-element-79731dac elementor-widget elementor-widget-text-editor\" data-id=\"79731dac\" data-element_type=\"widget\" data-widget_type=\"text-editor.default\">\n\t\t\t\t<div class=\"elementor-widget-container\">\n\t\t\t\t\t\t\t\t\t<h3 data-start=\"298\" data-end=\"335\"><strong data-start=\"302\" data-end=\"335\">Politique d&#039;accessibilit\u00e9 du Web<\/strong><\/h3><p data-start=\"337\" data-end=\"605\">Chez TRANSCREA, nous sommes fermement engag\u00e9s en faveur de l\u2019accessibilit\u00e9 num\u00e9rique et veillons \u00e0 ce que chacun, quelles que soient ses capacit\u00e9s, puisse naviguer, comprendre et interagir avec notre site Web sur un pied d\u2019\u00e9galit\u00e9.<\/p><h4 data-start=\"607\" data-end=\"647\"><strong data-start=\"612\" data-end=\"647\">Engagement en mati\u00e8re d&#039;accessibilit\u00e9<\/strong><\/h4><p data-start=\"649\" data-end=\"798\">Ce site Web a \u00e9t\u00e9 con\u00e7u et d\u00e9velopp\u00e9 selon les principes d&#039;accessibilit\u00e9 et de convivialit\u00e9 universelles, conform\u00e9ment \u00e0 la r\u00e9glementation en vigueur :<\/p><ul data-start=\"800\" data-end=\"1087\"><li data-start=\"800\" data-end=\"951\"><p data-start=\"802\" data-end=\"951\"><strong data-start=\"802\" data-end=\"828\">D\u00e9cret royal 1112\/2018<\/strong>, du 7 septembre, relative \u00e0 l&#039;accessibilit\u00e9 des sites Internet et des applications mobiles du secteur public.<\/p><\/li><li data-start=\"952\" data-end=\"1087\"><p data-start=\"954\" data-end=\"1087\"><strong data-start=\"954\" data-end=\"1015\">Directives pour l&#039;accessibilit\u00e9 du contenu Web (WCAG) 2.1<\/strong> du World Wide Web Consortium (W3C), dans son niveau de conformit\u00e9 <strong data-start=\"1080\" data-end=\"1086\">AA<\/strong>.<\/p><\/li><\/ul><p data-start=\"1089\" data-end=\"1342\">L&#039;objectif est de garantir que chacun puisse acc\u00e9der au contenu et aux fonctionnalit\u00e9s de ce site Web, quelles que soient ses capacit\u00e9s physiques, sensorielles ou cognitives, ou l&#039;environnement \u00e0 partir duquel il y acc\u00e8de (ordinateurs, tablettes, t\u00e9l\u00e9phones portables, etc.).<\/p><h4 data-start=\"1344\" data-end=\"1370\"><strong data-start=\"1349\" data-end=\"1370\">Mesures prises<\/strong><\/h4><p data-start=\"1372\" data-end=\"1476\">Afin d&#039;assurer l&#039;accessibilit\u00e9 du site Web, les mesures suivantes ont notamment \u00e9t\u00e9 mises en \u0153uvre :<\/p><ul data-start=\"1478\" data-end=\"2078\"><li data-start=\"1478\" data-end=\"1575\"><p data-start=\"1480\" data-end=\"1575\">Utiliser une conception r\u00e9active ou <em data-start=\"1509\" data-end=\"1521\">sensible<\/em>, compatible avec divers appareils et r\u00e9solutions.<\/p><\/li><li data-start=\"1576\" data-end=\"1677\"><p data-start=\"1578\" data-end=\"1677\">Navigation coh\u00e9rente, structur\u00e9e et claire utilisant des technologies standards telles que <strong data-start=\"1656\" data-end=\"1665\">HTML5<\/strong> et <strong data-start=\"1668\" data-end=\"1676\">CSS3<\/strong>.<\/p><\/li><li data-start=\"1678\" data-end=\"1802\"><p data-start=\"1680\" data-end=\"1802\">\u00c9tiquetage correct du contenu pour faciliter l\u2019utilisation par les technologies d\u2019assistance (telles que les lecteurs d\u2019\u00e9cran).<\/p><\/li><li data-start=\"1803\" data-end=\"1870\"><p data-start=\"1805\" data-end=\"1870\">Contraste ad\u00e9quat entre le texte et l\u2019arri\u00e8re-plan pour faciliter la lecture.<\/p><\/li><li data-start=\"1871\" data-end=\"1936\"><p data-start=\"1873\" data-end=\"1936\">Acc\u00e8s clavier \u00e0 toutes les fonctions essentielles.<\/p><\/li><li data-start=\"1937\" data-end=\"1999\"><p data-start=\"1939\" data-end=\"1999\">Inclure des textes alternatifs dans des images significatives.<\/p><\/li><li data-start=\"2000\" data-end=\"2078\"><p data-start=\"2002\" data-end=\"2078\">\u00c9viter les barri\u00e8res qui entravent la navigation ou la compr\u00e9hension du contenu.<\/p><\/li><\/ul><h4 data-start=\"2080\" data-end=\"2114\"><strong data-start=\"2085\" data-end=\"2114\">\u00c9tat de conformit\u00e9<\/strong><\/h4><p data-start=\"2116\" data-end=\"2434\">Ce site web est conforme aux exigences d&#039;accessibilit\u00e9 du d\u00e9cret royal 1112\/2018, \u00e0 l&#039;exception de certaines exceptions ou aspects susceptibles d&#039;\u00eatre am\u00e9lior\u00e9s en permanence. Si vous d\u00e9tectez des probl\u00e8mes d&#039;accessibilit\u00e9, veuillez nous en informer afin que nous puissions les r\u00e9soudre dans les plus brefs d\u00e9lais.<\/p><h4 data-start=\"2436\" data-end=\"2469\"><strong data-start=\"2441\" data-end=\"2469\">Maintenance et r\u00e9vision<\/strong><\/h4><p data-start=\"2471\" data-end=\"2699\">Nous effectuons des audits techniques p\u00e9riodiques et des r\u00e9visions de contenu pour garantir le respect continu des normes d&#039;accessibilit\u00e9 et adapter le site Web \u00e0 toute nouvelle r\u00e9glementation ou recommandation technique pouvant survenir.<\/p><h4 data-start=\"2701\" data-end=\"2732\"><strong data-start=\"2706\" data-end=\"2732\">Contact et suggestions<\/strong><\/h4><p data-start=\"2734\" data-end=\"2894\">Si vous rencontrez des probl\u00e8mes d&#039;accessibilit\u00e9 ou avez des suggestions concernant l&#039;accessibilit\u00e9 de ce site Web, vous pouvez nous contacter \u00e0 l&#039;adresse suivante :<\/p><ul data-start=\"2896\" data-end=\"3035\"><li data-start=\"2896\" data-end=\"2940\"><p data-start=\"2898\" data-end=\"2940\">E-mail:\u00a0<span style=\"text-align: center; background-color: transparent;\">info@transcreaglobal.com<\/span><\/p><\/li><li data-start=\"2941\" data-end=\"2975\"><p data-start=\"2943\" data-end=\"2975\">Num\u00e9ro de t\u00e9l\u00e9phone de contact : +34 633 88 87 97<\/p><\/li><li data-start=\"2976\" data-end=\"3035\"><p data-start=\"2978\" data-end=\"3035\">Formulaire de contact: <a href=\"https:\/\/transcreaglobal.com\/fr\/contacto\/\">CONTACT<\/a><\/p><\/li><\/ul><p data-start=\"3037\" data-end=\"3173\">Nous examinerons attentivement chaque cas et vous fournirons une r\u00e9ponse appropri\u00e9e conform\u00e9ment \u00e0 l&#039;article 10.2 du d\u00e9cret royal 1112\/2018.<\/p><p data-start=\"3037\" data-end=\"3173\">\u00a0<\/p><p data-start=\"3037\" data-end=\"3173\">Cette politique s\u2019inscrit dans l\u2019engagement de TRANSCREA en faveur de l\u2019\u00e9galit\u00e9 num\u00e9rique et de l\u2019am\u00e9lioration continue de l\u2019exp\u00e9rience utilisateur pour tous.<\/p>\t\t\t\t\t\t\t\t<\/div>\n\t\t\t\t<\/div>\n\t\t\t\t\t<\/div>\n\t\t\t\t<\/div>\n\t\t\t\t<\/div>","protected":false},"excerpt":{"rendered":"<p>Declaraci\u00f3n de Accesibilidad Pol\u00edtica de Accesibilidad Web En TRANSCREA, estamos firmemente comprometidos con la accesibilidad digital y con garantizar que todas las personas, con independencia de sus capacidades, puedan navegar, comprender e interactuar con nuestro sitio web en condiciones de igualdad. Compromiso con la accesibilidad Este sitio web ha sido dise\u00f1ado y desarrollado siguiendo los [&hellip;]<\/p>","protected":false},"author":2,"featured_media":0,"parent":0,"menu_order":0,"comment_status":"closed","ping_status":"closed","template":"","meta":{"footnotes":""},"class_list":["post-391","page","type-page","status-publish","hentry"],"_links":{"self":[{"href":"https:\/\/transcreaglobal.com\/fr\/wp-json\/wp\/v2\/pages\/391","targetHints":{"allow":["GET"]}}],"collection":[{"href":"https:\/\/transcreaglobal.com\/fr\/wp-json\/wp\/v2\/pages"}],"about":[{"href":"https:\/\/transcreaglobal.com\/fr\/wp-json\/wp\/v2\/types\/page"}],"author":[{"embeddable":true,"href":"https:\/\/transcreaglobal.com\/fr\/wp-json\/wp\/v2\/users\/2"}],"replies":[{"embeddable":true,"href":"https:\/\/transcreaglobal.com\/fr\/wp-json\/wp\/v2\/comments?post=391"}],"version-history":[{"count":13,"href":"https:\/\/transcreaglobal.com\/fr\/wp-json\/wp\/v2\/pages\/391\/revisions"}],"predecessor-version":[{"id":1094,"href":"https:\/\/transcreaglobal.com\/fr\/wp-json\/wp\/v2\/pages\/391\/revisions\/1094"}],"wp:attachment":[{"href":"https:\/\/transcreaglobal.com\/fr\/wp-json\/wp\/v2\/media?parent=391"}],"curies":[{"name":"wp","href":"https:\/\/api.w.org\/{rel}","templated":true}]}}